{"id":2,"date":"2024-05-18T17:38:28","date_gmt":"2024-05-18T17:38:28","guid":{"rendered":"http:\/\/www.nestelintulahti.fi\/?page_id=2"},"modified":"2026-04-13T06:37:10","modified_gmt":"2026-04-13T06:37:10","slug":"etusivu","status":"publish","type":"page","link":"https:\/\/www.nestelintulahti.fi\/","title":{"rendered":"Etusivu"},"content":{"rendered":"\t\t<div data-elementor-type=\"wp-page\" data-elementor-id=\"2\" class=\"elementor elementor-2\">\n\t\t\t\t<div class=\"elementor-element elementor-element-3138ef3f e-flex e-con-boxed e-con e-parent\" data-id=\"3138ef3f\" data-element_type=\"container\">\n\t\t\t\t\t<div class=\"e-con-inner\">\n\t\t\t\t<div class=\"elementor-element elementor-element-55f66c86 elementor-widget elementor-widget-text-editor\" data-id=\"55f66c86\" data-element_type=\"widget\" data-widget_type=\"text-editor.default\">\n\t\t\t\t<div class=\"elementor-widget-container\">\n\t\t\t<style>\/*! elementor - v3.21.0 - 08-05-2024 *\/\n.elementor-widget-text-editor.elementor-drop-cap-view-stacked .elementor-drop-cap{background-color:#69727d;color:#fff}.elementor-widget-text-editor.elementor-drop-cap-view-framed .elementor-drop-cap{color:#69727d;border:3px solid;background-color:transparent}.elementor-widget-text-editor:not(.elementor-drop-cap-view-default) .elementor-drop-cap{margin-top:8px}.elementor-widget-text-editor:not(.elementor-drop-cap-view-default) .elementor-drop-cap-letter{width:1em;height:1em}.elementor-widget-text-editor .elementor-drop-cap{float:left;text-align:center;line-height:1;font-size:50px}.elementor-widget-text-editor .elementor-drop-cap-letter{display:inline-block}<\/style>\t\t\t\t<p><!-- wp:heading --><\/p>\n<h2 class=\"wp-block-heading\">Tervetuloa Neste Lintulahteen!<\/h2>\n<p><!-- \/wp:heading --><\/p>\n<p><!-- wp:paragraph --><\/p>\n<p>\u00a0<\/p>\n<p><!-- \/wp:paragraph --><\/p>\t\t\t\t\t\t<\/div>\n\t\t\t\t<\/div>\n\t\t\t\t\t<\/div>\n\t\t\t\t<\/div>\n\t\t<div class=\"elementor-element elementor-element-3f766c0 e-grid e-con-boxed e-con e-parent\" data-id=\"3f766c0\" data-element_type=\"container\">\n\t\t\t\t\t<div class=\"e-con-inner\">\n\t\t\t\t<div class=\"elementor-element elementor-element-8d7eba8 elementor-widget elementor-widget-text-editor\" data-id=\"8d7eba8\" data-element_type=\"widget\" data-widget_type=\"text-editor.default\">\n\t\t\t\t<div class=\"elementor-widget-container\">\n\t\t\t\t\t\t\t<p>Upeasti uudistunut Neste Lintulahti sijaitsee Keski-Suomessa nelostien varrella kauniissa maisemissa Konginkankaan pohjoispuolella. Liikenneasemallemme on helppo tulla ison ja l\u00e4piajettavan pihamme ansiosta kaikenlaisilla kulkuneuvoilla. Laajasta ruokavalikoimasta l\u00f6ytyy kotoinen noutop\u00f6yt\u00e4, monipuolinen \u00e0 la carte -lista, maukkaat Rolls-hampurilaiset ja hyv\u00e4n pizzan yst\u00e4ville Kotipizzaa sek\u00e4 uusimpana Subway!<\/p>\n<p>Vuoden jokaisena p\u00e4iv\u00e4n\u00e4 meill\u00e4 on tarjolla herkullista Juhla Mokkaa sek\u00e4 paikan p\u00e4\u00e4ll\u00e4 itse paistettuja j\u00e4ttimunkkeja, pullaa ja muuta pikkusuolaista. Paljon kehuja ovat my\u00f6s saaneet omassa keitti\u00f6ss\u00e4 valmistetut s\u00e4mpyl\u00e4t, joita l\u00f6ytyy montaa eri lajia monenlaiseen makuun.<\/p>\t\t\t\t\t\t<\/div>\n\t\t\t\t<\/div>\n\t\t\t\t<div class=\"elementor-element elementor-element-3351095 elementor-widget elementor-widget-text-editor\" data-id=\"3351095\" data-element_type=\"widget\" data-widget_type=\"text-editor.default\">\n\t\t\t\t<div class=\"elementor-widget-container\">\n\t\t\t\t\t\t\t<p>Uuden kaupan puolelta saat tarvittavat p\u00e4ivitt\u00e4istavaratuotteet ja my\u00f6s autokemikaalit ja \u2013tarvikkeet. Myym\u00e4l\u00e4n runsaissa valikoimissa uutena my\u00f6s maito- ja lihataloustuotteet sek\u00e4 pakasteet. Laaja valikoima lahjatavaratuotteita tuliaisiksi, lahjaksi tai itselle!<\/p>\n<p>Yhdell\u00e4 pys\u00e4hdyksell\u00e4 voit tankata itsesi ja autosi, mutta my\u00f6s laittaa Veikkauksen rivit vet\u00e4m\u00e4\u00e4n ja l\u00e4hetetty\u00e4 postipaketit Posti-palvelustamme! Lintulahdella on palveltu asiakkaita jo 1950-luvulta alkaen ja meill\u00e4 on edelleen ilo toivottaa Teid\u00e4t tervetulleeksi asemallemme!<\/p>\t\t\t\t\t\t<\/div>\n\t\t\t\t<\/div>\n\t\t\t\t\t<\/div>\n\t\t\t\t<\/div>\n\t\t<div class=\"elementor-element elementor-element-c18e440 e-flex e-con-boxed e-con e-parent\" data-id=\"c18e440\" data-element_type=\"container\">\n\t\t\t\t\t<div class=\"e-con-inner\">\n\t\t\t\t<div class=\"elementor-element elementor-element-9c3fd4f elementor-widget elementor-widget-video\" data-id=\"9c3fd4f\" data-element_type=\"widget\" data-settings=\"{&quot;youtube_url&quot;:&quot;https:\\\/\\\/www.youtube.com\\\/watch?v=lfVOovZseaI&quot;,&quot;video_type&quot;:&quot;youtube&quot;,&quot;controls&quot;:&quot;yes&quot;}\" data-widget_type=\"video.default\">\n\t\t\t\t<div class=\"elementor-widget-container\">\n\t\t\t<style>\/*! elementor - v3.21.0 - 08-05-2024 *\/\n.elementor-widget-video .elementor-widget-container{overflow:hidden;transform:translateZ(0)}.elementor-widget-video .elementor-wrapper{aspect-ratio:var(--video-aspect-ratio)}.elementor-widget-video .elementor-wrapper iframe,.elementor-widget-video .elementor-wrapper video{height:100%;width:100%;display:flex;border:none;background-color:#000}@supports not (aspect-ratio:1\/1){.elementor-widget-video .elementor-wrapper{position:relative;overflow:hidden;height:0;padding-bottom:calc(100% \/ var(--video-aspect-ratio))}.elementor-widget-video .elementor-wrapper iframe,.elementor-widget-video .elementor-wrapper video{position:absolute;top:0;right:0;bottom:0;left:0}}.elementor-widget-video .elementor-open-inline .elementor-custom-embed-image-overlay{position:absolute;top:0;right:0;bottom:0;left:0;background-size:cover;background-position:50%}.elementor-widget-video .elementor-custom-embed-image-overlay{cursor:pointer;text-align:center}.elementor-widget-video .elementor-custom-embed-image-overlay:hover .elementor-custom-embed-play i{opacity:1}.elementor-widget-video .elementor-custom-embed-image-overlay img{display:block;width:100%;aspect-ratio:var(--video-aspect-ratio);-o-object-fit:cover;object-fit:cover;-o-object-position:center center;object-position:center center}@supports not (aspect-ratio:1\/1){.elementor-widget-video .elementor-custom-embed-image-overlay{position:relative;overflow:hidden;height:0;padding-bottom:calc(100% \/ var(--video-aspect-ratio))}.elementor-widget-video .elementor-custom-embed-image-overlay img{position:absolute;top:0;right:0;bottom:0;left:0}}.elementor-widget-video .e-hosted-video .elementor-video{-o-object-fit:cover;object-fit:cover}.e-con-inner>.elementor-widget-video,.e-con>.elementor-widget-video{width:var(--container-widget-width);--flex-grow:var(--container-widget-flex-grow)}<\/style>\t\t<div class=\"elementor-wrapper elementor-open-inline\">\n\t\t\t<div class=\"elementor-video\"><\/div>\t\t<\/div>\n\t\t\t\t<\/div>\n\t\t\t\t<\/div>\n\t\t\t\t\t<\/div>\n\t\t\t\t<\/div>\n\t\t\t\t<\/div>\n\t\t","protected":false},"excerpt":{"rendered":"<p>Tervetuloa Neste Lintulahteen! \u00a0 Upeasti uudistunut Neste Lintulahti sijaitsee Keski-Suomessa nelostien varrella kauniissa maisemissa Konginkankaan pohjoispuolella. Liikenneasemallemme on helppo tulla ison ja l\u00e4piajettavan pihamme ansiosta kaikenlaisilla kulkuneuvoilla. Laajasta ruokavalikoimasta l\u00f6ytyy kotoinen noutop\u00f6yt\u00e4, monipuolinen \u00e0 la carte -lista, maukkaat Rolls-hampurilaiset ja hyv\u00e4n pizzan yst\u00e4ville Kotipizzaa sek\u00e4 uusimpana Subway! Vuoden jokaisena p\u00e4iv\u00e4n\u00e4 meill\u00e4 on tarjolla herkullista Juhla [&hellip;]<\/p>\n","protected":false},"author":1,"featured_media":0,"parent":0,"menu_order":0,"comment_status":"closed","ping_status":"closed","template":"","meta":{"footnotes":""},"class_list":["post-2","page","type-page","status-publish","hentry"],"_links":{"self":[{"href":"https:\/\/www.nestelintulahti.fi\/index.php?rest_route=\/wp\/v2\/pages\/2","targetHints":{"allow":["GET"]}}],"collection":[{"href":"https:\/\/www.nestelintulahti.fi\/index.php?rest_route=\/wp\/v2\/pages"}],"about":[{"href":"https:\/\/www.nestelintulahti.fi\/index.php?rest_route=\/wp\/v2\/types\/page"}],"author":[{"embeddable":true,"href":"https:\/\/www.nestelintulahti.fi\/index.php?rest_route=\/wp\/v2\/users\/1"}],"replies":[{"embeddable":true,"href":"https:\/\/www.nestelintulahti.fi\/index.php?rest_route=%2Fwp%2Fv2%2Fcomments&post=2"}],"version-history":[{"count":68,"href":"https:\/\/www.nestelintulahti.fi\/index.php?rest_route=\/wp\/v2\/pages\/2\/revisions"}],"predecessor-version":[{"id":1299,"href":"https:\/\/www.nestelintulahti.fi\/index.php?rest_route=\/wp\/v2\/pages\/2\/revisions\/1299"}],"wp:attachment":[{"href":"https:\/\/www.nestelintulahti.fi\/index.php?rest_route=%2Fwp%2Fv2%2Fmedia&parent=2"}],"curies":[{"name":"wp","href":"https:\/\/api.w.org\/{rel}","templated":true}]}}