{"id":434,"date":"2024-08-28T02:52:29","date_gmt":"2024-08-28T02:52:29","guid":{"rendered":"https:\/\/www.nestelintulahti.fi\/?page_id=434"},"modified":"2024-09-05T04:30:49","modified_gmt":"2024-09-05T04:30:49","slug":"subway","status":"publish","type":"page","link":"https:\/\/www.nestelintulahti.fi\/?page_id=434","title":{"rendered":"Subway"},"content":{"rendered":"\n<figure class=\"wp-block-image size-large\"><img fetchpriority=\"high\" decoding=\"async\" width=\"1024\" height=\"427\" src=\"http:\/\/www.nestelintulahti.fi\/wp-content\/uploads\/2024\/08\/subway-1024x427.jpg\" alt=\"\" class=\"wp-image-444\" srcset=\"https:\/\/www.nestelintulahti.fi\/wp-content\/uploads\/2024\/08\/subway-1024x427.jpg 1024w, https:\/\/www.nestelintulahti.fi\/wp-content\/uploads\/2024\/08\/subway-300x125.jpg 300w, https:\/\/www.nestelintulahti.fi\/wp-content\/uploads\/2024\/08\/subway-768x320.jpg 768w, https:\/\/www.nestelintulahti.fi\/wp-content\/uploads\/2024\/08\/subway-1536x640.jpg 1536w, https:\/\/www.nestelintulahti.fi\/wp-content\/uploads\/2024\/08\/subway.jpg 1920w\" sizes=\"(max-width: 1024px) 100vw, 1024px\" \/><\/figure>\n\n\n\n<p><em>Subway<\/em> &#8230; Maailman tunnetuin t\u00e4ytetty leip\u00e4 on Subi. Subi valmistetaan silmiesi edess\u00e4 juuri sinun toiveidesi mukaan. Tervetuloa herkuttelemaan!<\/p>\n","protected":false},"excerpt":{"rendered":"<p>Subway &#8230; Maailman tunnetuin t\u00e4ytetty leip\u00e4 on Subi. Subi valmistetaan silmiesi edess\u00e4 juuri sinun toiveidesi mukaan. Tervetuloa herkuttelemaan!<\/p>\n","protected":false},"author":1,"featured_media":0,"parent":0,"menu_order":0,"comment_status":"closed","ping_status":"closed","template":"","meta":{"footnotes":""},"class_list":["post-434","page","type-page","status-publish","hentry"],"_links":{"self":[{"href":"https:\/\/www.nestelintulahti.fi\/index.php?rest_route=\/wp\/v2\/pages\/434","targetHints":{"allow":["GET"]}}],"collection":[{"href":"https:\/\/www.nestelintulahti.fi\/index.php?rest_route=\/wp\/v2\/pages"}],"about":[{"href":"https:\/\/www.nestelintulahti.fi\/index.php?rest_route=\/wp\/v2\/types\/page"}],"author":[{"embeddable":true,"href":"https:\/\/www.nestelintulahti.fi\/index.php?rest_route=\/wp\/v2\/users\/1"}],"replies":[{"embeddable":true,"href":"https:\/\/www.nestelintulahti.fi\/index.php?rest_route=%2Fwp%2Fv2%2Fcomments&post=434"}],"version-history":[{"count":3,"href":"https:\/\/www.nestelintulahti.fi\/index.php?rest_route=\/wp\/v2\/pages\/434\/revisions"}],"predecessor-version":[{"id":569,"href":"https:\/\/www.nestelintulahti.fi\/index.php?rest_route=\/wp\/v2\/pages\/434\/revisions\/569"}],"wp:attachment":[{"href":"https:\/\/www.nestelintulahti.fi\/index.php?rest_route=%2Fwp%2Fv2%2Fmedia&parent=434"}],"curies":[{"name":"wp","href":"https:\/\/api.w.org\/{rel}","templated":true}]}}