{"id":58,"date":"2024-05-18T18:14:36","date_gmt":"2024-05-18T18:14:36","guid":{"rendered":"http:\/\/www.nestelintulahti.fi\/?page_id=58"},"modified":"2024-11-11T08:43:34","modified_gmt":"2024-11-11T08:43:34","slug":"palvelut","status":"publish","type":"page","link":"https:\/\/www.nestelintulahti.fi\/?page_id=58","title":{"rendered":"Palvelut"},"content":{"rendered":"\t\t<div data-elementor-type=\"wp-page\" data-elementor-id=\"58\" class=\"elementor elementor-58\">\n\t\t\t\t<div class=\"elementor-element elementor-element-3d778d1 e-flex e-con-boxed e-con e-parent\" data-id=\"3d778d1\" data-element_type=\"container\">\n\t\t\t\t\t<div class=\"e-con-inner\">\n\t\t\t\t<div class=\"elementor-element elementor-element-477cab1 elementor-widget elementor-widget-shortcode\" data-id=\"477cab1\" data-element_type=\"widget\" data-widget_type=\"shortcode.default\">\n\t\t\t\t<div class=\"elementor-widget-container\">\n\t\t\t\t\t<div class=\"elementor-shortcode\"><style id=\"wp_carousel_dynamic_css118\">#sp-wp-carousel-free-id-118.sp-wpcp-118 .wpcp-single-item {border: 1px solid #dddddd;}#sp-wp-carousel-free-id-118.sp-wpcp-118 .swiper-button-prev,#sp-wp-carousel-free-id-118.sp-wpcp-118 .swiper-button-next,#sp-wp-carousel-free-id-118.sp-wpcp-118 .swiper-button-prev:hover,#sp-wp-carousel-free-id-118.sp-wpcp-118 .swiper-button-next:hover {background: none;border: none;font-size: 30px;}#sp-wp-carousel-free-id-118.sp-wpcp-118 .swiper-button-prev i,#sp-wp-carousel-free-id-118.sp-wpcp-118 .swiper-button-next i {color: #aaa;}#sp-wp-carousel-free-id-118.sp-wpcp-118 .swiper-button-prev i:hover,#sp-wp-carousel-free-id-118.sp-wpcp-118 .swiper-button-next i:hover {color: #178087;}#sp-wp-carousel-free-id-118.sp-wpcp-118 .wpcp-swiper-dots .swiper-pagination-bullet {background-color: #cccccc;}#sp-wp-carousel-free-id-118.sp-wpcp-118 .wpcp-swiper-dots .swiper-pagination-bullet.swiper-pagination-bullet-active {background-color: #178087;} #sp-wp-carousel-free-id-118.sp-wpcp-118.wpcp-image-carousel .wpcp-single-item:hover img, #sp-wp-carousel-free-id-118.sp-wpcp-118.wpcp-post-carousel .wpcp-single-item:hover img, #sp-wp-carousel-free-id-118.sp-wpcp-118.wpcp-product-carousel .wpcp-single-item:hover img{-webkit-transform: scale(1.2);-moz-transform: scale(1.2);transform: scale(1.2);}#sp-wp-carousel-free-id-118 .wpcpro-row>[class*=\"wpcpro-col-\"] { padding: 0 10px; padding-bottom: 20px;}@media (min-width: 480px) { .wpcpro-row .wpcpro-col-sm-1 { flex: 0 0 100%; max-width: 100%; } .wpcpro-row .wpcpro-col-sm-2 { flex: 0 0 50%; max-width: 50%; } .wpcpro-row .wpcpro-col-sm-2-5 { flex: 0 0 75%; max-width: 75%; } .wpcpro-row .wpcpro-col-sm-3 { flex: 0 0 33.333%; max-width: 33.333%; } .wpcpro-row .wpcpro-col-sm-4 { flex: 0 0 25%; max-width: 25%; } .wpcpro-row .wpcpro-col-sm-5 { flex: 0 0 20%; max-width: 20%; } .wpcpro-row .wpcpro-col-sm-6 { flex: 0 0 16.66666666666667%; max-width: 16.66666666666667%; } .wpcpro-row .wpcpro-col-sm-7 { flex: 0 0 14.28571428%; max-width: 14.28571428%; } .wpcpro-row .wpcpro-col-sm-8 { flex: 0 0 12.5%; max-width: 12.5%; } } @media (max-width: 480px) { .wpcpro-row .wpcpro-col-xs-1 { flex: 0 0 100%; max-width: 100%; } .wpcpro-row .wpcpro-col-xs-2 { flex: 0 0 50%; max-width: 50%; } .wpcpro-row .wpcpro-col-xs-3 { flex: 0 0 33.222%; max-width: 33.222%; } .wpcpro-row .wpcpro-col-xs-4 { flex: 0 0 25%; max-width: 25%; } .wpcpro-row .wpcpro-col-xs-5 { flex: 0 0 20%; max-width: 20%; } .wpcpro-row .wpcpro-col-xs-6 { flex: 0 0 16.6667%; max-width: 16.6667%; } .wpcpro-row .wpcpro-col-xs-7 { flex: 0 0 14.28571428%; max-width: 14.28571428%; } .wpcpro-row .wpcpro-col-xs-8 { flex: 0 0 12.5%; max-width: 12.5%; } } @media (min-width: 736px) { .wpcpro-row .wpcpro-col-md-1 { flex: 0 0 100%; max-width: 100%; } .wpcpro-row .wpcpro-col-md-2 { flex: 0 0 50%; max-width: 50%; } .wpcpro-row .wpcpro-col-md-2-5 { flex: 0 0 75%; max-width: 75%; } .wpcpro-row .wpcpro-col-md-3 { flex: 0 0 33.333%; max-width: 33.333%; } .wpcpro-row .wpcpro-col-md-4 { flex: 0 0 25%; max-width: 25%; } .wpcpro-row .wpcpro-col-md-5 { flex: 0 0 20%; max-width: 20%; } .wpcpro-row .wpcpro-col-md-6 { flex: 0 0 16.66666666666667%; max-width: 16.66666666666667%; } .wpcpro-row .wpcpro-col-md-7 { flex: 0 0 14.28571428%; max-width: 14.28571428%; } .wpcpro-row .wpcpro-col-md-8 { flex: 0 0 12.5%; max-width: 12.5%; } } @media (min-width: 980px) { .wpcpro-row .wpcpro-col-lg-1 { flex: 0 0 100%; max-width: 100%; } .wpcpro-row .wpcpro-col-lg-2 { flex: 0 0 50%; max-width: 50%; } .wpcpro-row .wpcpro-col-lg-3 { flex: 0 0 33.222%; max-width: 33.222%; } .wpcpro-row .wpcpro-col-lg-4 { flex: 0 0 25%; max-width: 25%; } .wpcpro-row .wpcpro-col-lg-5 { flex: 0 0 20%; max-width: 20%; } .wpcpro-row .wpcpro-col-lg-6 { flex: 0 0 16.6667%; max-width: 16.6667%; } .wpcpro-row .wpcpro-col-lg-7 { flex: 0 0 14.28571428%; max-width: 14.28571428%; } .wpcpro-row .wpcpro-col-lg-8 { flex: 0 0 12.5%; max-width: 12.5%; } } @media (min-width: 1200px) { .wpcpro-row .wpcpro-col-xl-1 { flex: 0 0 100%; max-width: 100%; } .wpcpro-row .wpcpro-col-xl-2 { flex: 0 0 50%; max-width: 50%; } .wpcpro-row .wpcpro-col-xl-3 { flex: 0 0 33.22222222%; max-width: 33.22222222%; } .wpcpro-row .wpcpro-col-xl-4 { flex: 0 0 25%; max-width: 25%; } .wpcpro-row .wpcpro-col-xl-5 { flex: 0 0 20%; max-width: 20%; } .wpcpro-row .wpcpro-col-xl-6 { flex: 0 0 16.66667%; max-width: 16.66667%; } .wpcpro-row .wpcpro-col-xl-7 { flex: 0 0 14.28571428%; max-width: 14.28571428%; } .wpcpro-row .wpcpro-col-xl-8 { flex: 0 0 12.5%; max-width: 12.5%; } }<\/style><div class=\"wpcp-carousel-wrapper wpcp-wrapper-118\">\n\t<div id=\"wpcp-preloader-118\" class=\"wpcp-carousel-preloader\"><img decoding=\"async\" src=\"https:\/\/www.nestelintulahti.fi\/wp-content\/plugins\/wp-carousel-free\/public\/css\/spinner.svg\" alt=\"Preloader Image\" \/><\/div>\t<div class=\"wpcp-carousel-content-wrapper\">\n\t<div id=\"sp-wp-carousel-free-id-118\" class=\"wpcp-carousel-section sp-wpcp-118  nav-vertical-center wpcp-image-carousel wpcp-preloader wpcp-standard\" data-swiper='{ &quot;accessibility&quot;:true, &quot;spaceBetween&quot;:20, &quot;arrows&quot;:true, &quot;freeMode&quot;: false, &quot;autoplay&quot;:true, &quot;autoplaySpeed&quot;:3000, &quot;dots&quot;:true, &quot;infinite&quot;:true, &quot;speed&quot;:600, &quot;pauseOnHover&quot;:true,\n\t\t\t&quot;slidesToShow&quot;:{&quot;lg_desktop&quot;:5, &quot;desktop&quot;: 4, &quot;laptop&quot;: 3, &quot;tablet&quot;: 2, &quot;mobile&quot;: 1}, &quot;responsive&quot;:{&quot;desktop&quot;:1200, &quot;laptop&quot;: 980, &quot;tablet&quot;: 736, &quot;mobile&quot;: 480}, &quot;rtl&quot;:false, &quot;lazyLoad&quot;: &quot;false&quot;, &quot;swipe&quot;: true, &quot;draggable&quot;: true, &quot;swipeToSlide&quot;:false }' dir=\"ltr\">\n\t\t<div class=\"swiper-wrapper\">\n\t\t<div class=\"swiper-slide\">\n\t<div class=\"wpcp-single-item\">\n\t\t\t<a class=\"wcp-light-box\" data-buttons='[\"close\"]' data-wpc_url='https:\/\/www.nestelintulahti.fi\/wp-content\/uploads\/2024\/05\/oljyhylly_1170x550-1024x481.jpg' href=\"https:\/\/www.nestelintulahti.fi\/wp-content\/uploads\/2024\/05\/oljyhylly_1170x550-1024x481.jpg\" data-fancybox=\"wpcp_view\">\n\t\t<figure>\n\t\t\t<img fetchpriority=\"high\" decoding=\"async\" class=\"skip-lazy\" src=\"https:\/\/www.nestelintulahti.fi\/wp-content\/uploads\/2024\/05\/oljyhylly_1170x550-1024x481.jpg\" alt=\"oljyhylly_1170x550\" width=\"730\" height=\"343\">\t\t<\/figure>\n\t<\/a>\n\t\t<\/div>\n<\/div>\n\t<div class=\"swiper-slide\">\n\t<div class=\"wpcp-single-item\">\n\t\t\t<a class=\"wcp-light-box\" data-buttons='[\"close\"]' data-wpc_url='https:\/\/www.nestelintulahti.fi\/wp-content\/uploads\/2024\/05\/kahvila_1170x550_1-1-1024x481.jpg' href=\"https:\/\/www.nestelintulahti.fi\/wp-content\/uploads\/2024\/05\/kahvila_1170x550_1-1-1024x481.jpg\" data-fancybox=\"wpcp_view\">\n\t\t<figure>\n\t\t\t<img decoding=\"async\" class=\"skip-lazy\" src=\"https:\/\/www.nestelintulahti.fi\/wp-content\/uploads\/2024\/05\/kahvila_1170x550_1-1-1024x481.jpg\" alt=\"kahvila_1170x550_1\" width=\"730\" height=\"343\">\t\t<\/figure>\n\t<\/a>\n\t\t<\/div>\n<\/div>\n\t<div class=\"swiper-slide\">\n\t<div class=\"wpcp-single-item\">\n\t\t\t<a class=\"wcp-light-box\" data-buttons='[\"close\"]' data-wpc_url='https:\/\/www.nestelintulahti.fi\/wp-content\/uploads\/2024\/05\/myymala_1170x550_1-1-1024x481.jpg' href=\"https:\/\/www.nestelintulahti.fi\/wp-content\/uploads\/2024\/05\/myymala_1170x550_1-1-1024x481.jpg\" data-fancybox=\"wpcp_view\">\n\t\t<figure>\n\t\t\t<img decoding=\"async\" class=\"skip-lazy\" src=\"https:\/\/www.nestelintulahti.fi\/wp-content\/uploads\/2024\/05\/myymala_1170x550_1-1-1024x481.jpg\" alt=\"myymala_1170x550_1 (1)\" width=\"730\" height=\"343\">\t\t<\/figure>\n\t<\/a>\n\t\t<\/div>\n<\/div>\n\t<div class=\"swiper-slide\">\n\t<div class=\"wpcp-single-item\">\n\t\t\t<a class=\"wcp-light-box\" data-buttons='[\"close\"]' data-wpc_url='https:\/\/www.nestelintulahti.fi\/wp-content\/uploads\/2024\/05\/myymala_1170x550_4-2-1024x481.jpg' href=\"https:\/\/www.nestelintulahti.fi\/wp-content\/uploads\/2024\/05\/myymala_1170x550_4-2-1024x481.jpg\" data-fancybox=\"wpcp_view\">\n\t\t<figure>\n\t\t\t<img loading=\"lazy\" decoding=\"async\" class=\"skip-lazy\" src=\"https:\/\/www.nestelintulahti.fi\/wp-content\/uploads\/2024\/05\/myymala_1170x550_4-2-1024x481.jpg\" alt=\"myymala_1170x550_4 (2)\" width=\"730\" height=\"343\">\t\t<\/figure>\n\t<\/a>\n\t\t<\/div>\n<\/div>\n\t<div class=\"swiper-slide\">\n\t<div class=\"wpcp-single-item\">\n\t\t\t<a class=\"wcp-light-box\" data-buttons='[\"close\"]' data-wpc_url='https:\/\/www.nestelintulahti.fi\/wp-content\/uploads\/2024\/05\/pallomeri_1170x550-1-1024x481.jpg' href=\"https:\/\/www.nestelintulahti.fi\/wp-content\/uploads\/2024\/05\/pallomeri_1170x550-1-1024x481.jpg\" data-fancybox=\"wpcp_view\">\n\t\t<figure>\n\t\t\t<img loading=\"lazy\" decoding=\"async\" class=\"skip-lazy\" src=\"https:\/\/www.nestelintulahti.fi\/wp-content\/uploads\/2024\/05\/pallomeri_1170x550-1-1024x481.jpg\" alt=\"pallomeri_1170x550 (1)\" width=\"730\" height=\"343\">\t\t<\/figure>\n\t<\/a>\n\t\t<\/div>\n<\/div>\n\t<div class=\"swiper-slide\">\n\t<div class=\"wpcp-single-item\">\n\t\t\t<a class=\"wcp-light-box\" data-buttons='[\"close\"]' data-wpc_url='https:\/\/www.nestelintulahti.fi\/wp-content\/uploads\/2024\/05\/wc_1170x550-1-1024x481.jpg' href=\"https:\/\/www.nestelintulahti.fi\/wp-content\/uploads\/2024\/05\/wc_1170x550-1-1024x481.jpg\" data-fancybox=\"wpcp_view\">\n\t\t<figure>\n\t\t\t<img loading=\"lazy\" decoding=\"async\" class=\"skip-lazy\" src=\"https:\/\/www.nestelintulahti.fi\/wp-content\/uploads\/2024\/05\/wc_1170x550-1-1024x481.jpg\" alt=\"wc_1170x550 (1)\" width=\"730\" height=\"343\">\t\t<\/figure>\n\t<\/a>\n\t\t<\/div>\n<\/div>\n\t<div class=\"swiper-slide\">\n\t<div class=\"wpcp-single-item\">\n\t\t\t<a class=\"wcp-light-box\" data-buttons='[\"close\"]' data-wpc_url='https:\/\/www.nestelintulahti.fi\/wp-content\/uploads\/2024\/07\/bensiinit_570x320.jpg' href=\"https:\/\/www.nestelintulahti.fi\/wp-content\/uploads\/2024\/07\/bensiinit_570x320.jpg\" data-fancybox=\"wpcp_view\">\n\t\t<figure>\n\t\t\t<img loading=\"lazy\" decoding=\"async\" class=\"skip-lazy\" src=\"https:\/\/www.nestelintulahti.fi\/wp-content\/uploads\/2024\/07\/bensiinit_570x320.jpg\" alt=\"bensiinit_570x320\" width=\"570\" height=\"320\">\t\t<\/figure>\n\t<\/a>\n\t\t<\/div>\n<\/div>\n\t<div class=\"swiper-slide\">\n\t<div class=\"wpcp-single-item\">\n\t\t\t<a class=\"wcp-light-box\" data-buttons='[\"close\"]' data-wpc_url='https:\/\/www.nestelintulahti.fi\/wp-content\/uploads\/2024\/07\/tolppa.jpg' href=\"https:\/\/www.nestelintulahti.fi\/wp-content\/uploads\/2024\/07\/tolppa.jpg\" data-fancybox=\"wpcp_view\">\n\t\t<figure>\n\t\t\t<img loading=\"lazy\" decoding=\"async\" class=\"skip-lazy\" src=\"https:\/\/www.nestelintulahti.fi\/wp-content\/uploads\/2024\/07\/tolppa.jpg\" alt=\"tolppa\" width=\"570\" height=\"320\">\t\t<\/figure>\n\t<\/a>\n\t\t<\/div>\n<\/div>\n\t<div class=\"swiper-slide\">\n\t<div class=\"wpcp-single-item\">\n\t\t\t<a class=\"wcp-light-box\" data-buttons='[\"close\"]' data-wpc_url='https:\/\/www.nestelintulahti.fi\/wp-content\/uploads\/2024\/05\/lahjatavara_570x320-1.jpg' href=\"https:\/\/www.nestelintulahti.fi\/wp-content\/uploads\/2024\/05\/lahjatavara_570x320-1.jpg\" data-fancybox=\"wpcp_view\">\n\t\t<figure>\n\t\t\t<img loading=\"lazy\" decoding=\"async\" class=\"skip-lazy\" src=\"https:\/\/www.nestelintulahti.fi\/wp-content\/uploads\/2024\/05\/lahjatavara_570x320-1.jpg\" alt=\"lahjatavara_570x320\" width=\"570\" height=\"320\">\t\t<\/figure>\n\t<\/a>\n\t\t<\/div>\n<\/div>\n\t<div class=\"swiper-slide\">\n\t<div class=\"wpcp-single-item\">\n\t\t\t<a class=\"wcp-light-box\" data-buttons='[\"close\"]' data-wpc_url='https:\/\/www.nestelintulahti.fi\/wp-content\/uploads\/2024\/05\/myymala_570x320_1.jpg' href=\"https:\/\/www.nestelintulahti.fi\/wp-content\/uploads\/2024\/05\/myymala_570x320_1.jpg\" data-fancybox=\"wpcp_view\">\n\t\t<figure>\n\t\t\t<img loading=\"lazy\" decoding=\"async\" class=\"skip-lazy\" src=\"https:\/\/www.nestelintulahti.fi\/wp-content\/uploads\/2024\/05\/myymala_570x320_1.jpg\" alt=\"myymala_570x320_1\" width=\"570\" height=\"320\">\t\t<\/figure>\n\t<\/a>\n\t\t<\/div>\n<\/div>\n\t\t\t<\/div>\n\t\t\t\t\t<div class=\"wpcp-swiper-dots swiper-pagination\"><\/div>\n\t\t\t\t<!-- If we need navigation buttons -->\n\t\t\t\t\t<div class=\"wpcp-prev-button swiper-button-prev\"><i class=\"fa fa-angle-left\"><\/i><\/div>\n\t\t\t<div class=\"wpcp-next-button swiper-button-next\"><i class=\"fa fa-angle-right\"><\/i><\/div>\n\t\t\t<\/div>\n\t<\/div>\n<\/div>\n<\/div>\n\t\t\t\t<\/div>\n\t\t\t\t<\/div>\n\t\t\t\t\t<\/div>\n\t\t\t\t<\/div>\n\t\t<div class=\"elementor-element elementor-element-17f5de59 e-flex e-con-boxed e-con e-parent\" data-id=\"17f5de59\" data-element_type=\"container\">\n\t\t\t\t\t<div class=\"e-con-inner\">\n\t\t\t\t<div class=\"elementor-element elementor-element-738efef0 elementor-widget elementor-widget-text-editor\" data-id=\"738efef0\" data-element_type=\"widget\" data-widget_type=\"text-editor.default\">\n\t\t\t\t<div class=\"elementor-widget-container\">\n\t\t\t<style>\/*! elementor - v3.21.0 - 08-05-2024 *\/\n.elementor-widget-text-editor.elementor-drop-cap-view-stacked .elementor-drop-cap{background-color:#69727d;color:#fff}.elementor-widget-text-editor.elementor-drop-cap-view-framed .elementor-drop-cap{color:#69727d;border:3px solid;background-color:transparent}.elementor-widget-text-editor:not(.elementor-drop-cap-view-default) .elementor-drop-cap{margin-top:8px}.elementor-widget-text-editor:not(.elementor-drop-cap-view-default) .elementor-drop-cap-letter{width:1em;height:1em}.elementor-widget-text-editor .elementor-drop-cap{float:left;text-align:center;line-height:1;font-size:50px}.elementor-widget-text-editor .elementor-drop-cap-letter{display:inline-block}<\/style>\t\t\t\t<h2>Tervetuloa tutustumaan palveluihimme!<\/h2><p>Uudesta kaupastamme l\u00f6yd\u00e4t monenlaista tarviketta niin ruoanlaittoon kuin leipomiseenkin. Jauhot, sokerit, kahvit, mausteet sek\u00e4 hygieniatarvikkeet saat ostettua k\u00e4tev\u00e4sti meilt\u00e4. Uutuutena kaupassamme maito- ja lihataloustuotteet sek\u00e4 pakasteet. My\u00f6s mehut ja kylm\u00e4t virvoitusjuomat, oluet ja siiderit sek\u00e4 karkit, sipsit ja muuta pikkupurtavaa saat ostettua samalla k\u00e4ynnill\u00e4!<\/p><p>Tuliaisia, lahjoja tai muita ihania lahjatavaroita etsiess\u00e4si se juuri sopiva saattaa l\u00f6yty\u00e4 kauppamme lahjatavarahyllyilt\u00e4! Sesongin mukaan vaihtuva valikoima takaa onnistuneet ostokset! Lis\u00e4ksi meilt\u00e4 l\u00f6ytyy my\u00f6s leluja lapsille.<\/p><p>\u00a0Myym\u00e4l\u00e4ss\u00e4mme on my\u00f6s monipuolinen valikoima erilaisia ty\u00f6kaluja autonhuoltoon ja vapaa-aikaan. Lis\u00e4ksi varaosahyllyst\u00e4 l\u00f6ytyv\u00e4t mm. sytytystulpat, pyyhkij\u00e4nsulat, polttimot yms. Meilt\u00e4 saat my\u00f6s laadukkaat Neste-voiteluaineet sek\u00e4 autokemikaalit: Voltera-lasinpesunesteet sek\u00e4 j\u00e4\u00e4hdytinnesteet. Valikoimissamme on my\u00f6s runsas tarjonta Neste-tehokaasua joko ter\u00e4s- tai komposiittipulloissa.<\/p><p>Samalla k\u00e4ynnill\u00e4 kannattaa tankata laadukkaita Neste-bensiini\u00e4 tai -dieseli\u00e4.<\/p><p>Meille on helppo poiketa matkasi varrella ostoksille!<\/p><p>\u00a0<\/p><p><!-- \/wp:paragraph --><\/p>\t\t\t\t\t\t<\/div>\n\t\t\t\t<\/div>\n\t\t\t\t\t<\/div>\n\t\t\t\t<\/div>\n\t\t<div class=\"elementor-element elementor-element-d7c0fd1 e-flex e-con-boxed e-con e-parent\" data-id=\"d7c0fd1\" data-element_type=\"container\">\n\t\t\t\t\t<div class=\"e-con-inner\">\n\t\t\t\t<div class=\"elementor-element elementor-element-774c763 elementor-widget elementor-widget-heading\" data-id=\"774c763\" data-element_type=\"widget\" data-widget_type=\"heading.default\">\n\t\t\t\t<div class=\"elementor-widget-container\">\n\t\t\t<style>\/*! elementor - v3.21.0 - 08-05-2024 *\/\n.elementor-heading-title{padding:0;margin:0;line-height:1}.elementor-widget-heading .elementor-heading-title[class*=elementor-size-]>a{color:inherit;font-size:inherit;line-height:inherit}.elementor-widget-heading .elementor-heading-title.elementor-size-small{font-size:15px}.elementor-widget-heading .elementor-heading-title.elementor-size-medium{font-size:19px}.elementor-widget-heading .elementor-heading-title.elementor-size-large{font-size:29px}.elementor-widget-heading .elementor-heading-title.elementor-size-xl{font-size:39px}.elementor-widget-heading .elementor-heading-title.elementor-size-xxl{font-size:59px}<\/style><h2 class=\"elementor-heading-title elementor-size-default\">Ravintola<\/h2>\t\t<\/div>\n\t\t\t\t<\/div>\n\t\t\t\t\t<\/div>\n\t\t\t\t<\/div>\n\t\t<div class=\"elementor-element elementor-element-afda678 e-con-full e-flex e-con e-parent\" data-id=\"afda678\" data-element_type=\"container\">\n\t\t\t\t<div class=\"elementor-element elementor-element-3e4d683 elementor-widget elementor-widget-text-editor\" data-id=\"3e4d683\" data-element_type=\"widget\" data-widget_type=\"text-editor.default\">\n\t\t\t\t<div class=\"elementor-widget-container\">\n\t\t\t\t\t\t\t<p>Ravintolastamme herkullinen lounas aitoa kotiruokaa joka p\u00e4iv\u00e4! \u00c0 la carte -listaltamme l\u00f6yd\u00e4t maistuvia annoksia. Ravintolassamme on joka vuosi tarjolla my\u00f6s perinteinen jouluruoka sek\u00e4 \u00e4itien- ja is\u00e4np\u00e4ivin\u00e4 juhlavammat lounasmenut.<\/p><p>Pikan\u00e4lk\u00e4\u00e4n asemaltamme Rollsin hampurilaiset sek\u00e4 tuhdit ateriat. Ja pizzann\u00e4lk\u00e4\u00e4n Kotipizzan maanmainiot pizzat ja kotzonet! Sy\u00f6 paikan p\u00e4\u00e4ll\u00e4 tai ota mukaan. Neste Lintulahdesta l\u00f6yd\u00e4t my\u00f6s Subwayn!<\/p><p>Meill\u00e4 talttuu takuulla mahan murina!<\/p>\t\t\t\t\t\t<\/div>\n\t\t\t\t<\/div>\n\t\t\t\t<\/div>\n\t\t<div class=\"elementor-element elementor-element-0bd7654 e-flex e-con-boxed e-con e-parent\" data-id=\"0bd7654\" data-element_type=\"container\">\n\t\t\t\t\t<div class=\"e-con-inner\">\n\t\t\t\t<div class=\"elementor-element elementor-element-18bdcd6 elementor-widget elementor-widget-heading\" data-id=\"18bdcd6\" data-element_type=\"widget\" data-widget_type=\"heading.default\">\n\t\t\t\t<div class=\"elementor-widget-container\">\n\t\t\t<h2 class=\"elementor-heading-title elementor-size-default\">Kahvila<\/h2>\t\t<\/div>\n\t\t\t\t<\/div>\n\t\t\t\t\t<\/div>\n\t\t\t\t<\/div>\n\t\t<div class=\"elementor-element elementor-element-3d3dbe4 e-flex e-con-boxed e-con e-parent\" data-id=\"3d3dbe4\" data-element_type=\"container\">\n\t\t\t\t\t<div class=\"e-con-inner\">\n\t\t\t\t<div class=\"elementor-element elementor-element-0342dbe elementor-widget elementor-widget-text-editor\" data-id=\"0342dbe\" data-element_type=\"widget\" data-widget_type=\"text-editor.default\">\n\t\t\t\t<div class=\"elementor-widget-container\">\n\t\t\t\t\t\t\t<p class=\"western\">Kahvilastamme saat aina tuoretta Juhla Mokka<br \/>-kahvia sek\u00e4 herkulliset itsepaistetut leivonnaiset kyytipojaksi.<br \/>Meilt\u00e4 l\u00f6ytyy runsas valikoima niin suolaista kuin makeaa<br \/>kahvileip\u00e4\u00e4, j\u00e4ttimunkeista omassa keitti\u00f6ss\u00e4 koottuihin<br \/>herkkus\u00e4mpyl\u00f6ihin.\u00a0<\/p>\t\t\t\t\t\t<\/div>\n\t\t\t\t<\/div>\n\t\t\t\t\t<\/div>\n\t\t\t\t<\/div>\n\t\t<div class=\"elementor-element elementor-element-9c8ec75 e-grid e-con-boxed e-con e-parent\" data-id=\"9c8ec75\" data-element_type=\"container\">\n\t\t\t\t\t<div class=\"e-con-inner\">\n\t\t\t\t\t<\/div>\n\t\t\t\t<\/div>\n\t\t<div class=\"elementor-element elementor-element-c020819 e-flex e-con-boxed e-con e-parent\" data-id=\"c020819\" data-element_type=\"container\">\n\t\t\t\t\t<div class=\"e-con-inner\">\n\t\t\t\t<div class=\"elementor-element elementor-element-0e2c7a0 elementor-widget elementor-widget-heading\" data-id=\"0e2c7a0\" data-element_type=\"widget\" data-widget_type=\"heading.default\">\n\t\t\t\t<div class=\"elementor-widget-container\">\n\t\t\t<h2 class=\"elementor-heading-title elementor-size-default\">Akseli Gallen-Kallelan Keitele-teos\n<\/h2>\t\t<\/div>\n\t\t\t\t<\/div>\n\t\t\t\t\t<\/div>\n\t\t\t\t<\/div>\n\t\t<div class=\"elementor-element elementor-element-f39c7fd e-flex e-con-boxed e-con e-parent\" data-id=\"f39c7fd\" data-element_type=\"container\">\n\t\t\t\t\t<div class=\"e-con-inner\">\n\t\t\t\t<div class=\"elementor-element elementor-element-46df112 elementor-widget elementor-widget-image\" data-id=\"46df112\" data-element_type=\"widget\" data-widget_type=\"image.default\">\n\t\t\t\t<div class=\"elementor-widget-container\">\n\t\t\t<style>\/*! elementor - v3.21.0 - 08-05-2024 *\/\n.elementor-widget-image{text-align:center}.elementor-widget-image a{display:inline-block}.elementor-widget-image a img[src$=\".svg\"]{width:48px}.elementor-widget-image img{vertical-align:middle;display:inline-block}<\/style>\t\t\t\t\t\t\t\t\t\t<img loading=\"lazy\" decoding=\"async\" width=\"706\" height=\"397\" src=\"https:\/\/www.nestelintulahti.fi\/wp-content\/uploads\/2024\/07\/taulut.jpg\" class=\"attachment-large size-large wp-image-265\" alt=\"\" srcset=\"https:\/\/www.nestelintulahti.fi\/wp-content\/uploads\/2024\/07\/taulut.jpg 706w, https:\/\/www.nestelintulahti.fi\/wp-content\/uploads\/2024\/07\/taulut-300x169.jpg 300w, https:\/\/www.nestelintulahti.fi\/wp-content\/uploads\/2024\/07\/taulut-480x270.jpg 480w\" sizes=\"(max-width: 706px) 100vw, 706px\" \/>\t\t\t\t\t\t\t\t\t\t\t\t\t<\/div>\n\t\t\t\t<\/div>\n\t\t\t\t\t<\/div>\n\t\t\t\t<\/div>\n\t\t<div class=\"elementor-element elementor-element-ee131f5 e-flex e-con-boxed e-con e-parent\" data-id=\"ee131f5\" data-element_type=\"container\">\n\t\t\t\t\t<div class=\"e-con-inner\">\n\t\t\t\t<div class=\"elementor-element elementor-element-77c0f7e elementor-widget elementor-widget-text-editor\" data-id=\"77c0f7e\" data-element_type=\"widget\" data-widget_type=\"text-editor.default\">\n\t\t\t\t<div class=\"elementor-widget-container\">\n\t\t\t\t\t\t\t<p class=\"western\">Neste Lintulahdelta l\u00f6ytyy teoskopio Akseli\nGallen-Kallelan Keitele-teoksesta. Sen on lahjoittanut K\u00f6mmin Kilta\nry. Gallen-Kallela on maalannut teoksen Lintulahden upeissa\nj\u00e4rvimaisemissa!<\/p>\t\t\t\t\t\t<\/div>\n\t\t\t\t<\/div>\n\t\t\t\t\t<\/div>\n\t\t\t\t<\/div>\n\t\t<div class=\"elementor-element elementor-element-2162528 e-flex e-con-boxed e-con e-parent\" data-id=\"2162528\" data-element_type=\"container\">\n\t\t\t\t\t<div class=\"e-con-inner\">\n\t\t\t\t\t<\/div>\n\t\t\t\t<\/div>\n\t\t\t\t<\/div>\n\t\t","protected":false},"excerpt":{"rendered":"<p>Tervetuloa tutustumaan palveluihimme! Uudesta kaupastamme l\u00f6yd\u00e4t monenlaista tarviketta niin ruoanlaittoon kuin leipomiseenkin. Jauhot, sokerit, kahvit, mausteet sek\u00e4 hygieniatarvikkeet saat ostettua k\u00e4tev\u00e4sti meilt\u00e4. Uutuutena kaupassamme maito- ja lihataloustuotteet sek\u00e4 pakasteet. My\u00f6s mehut ja kylm\u00e4t virvoitusjuomat, oluet ja siiderit sek\u00e4 karkit, sipsit ja muuta pikkupurtavaa saat ostettua samalla k\u00e4ynnill\u00e4! Tuliaisia, lahjoja tai muita ihania lahjatavaroita etsiess\u00e4si se [&hellip;]<\/p>\n","protected":false},"author":1,"featured_media":0,"parent":0,"menu_order":0,"comment_status":"closed","ping_status":"closed","template":"","meta":{"footnotes":""},"class_list":["post-58","page","type-page","status-publish","hentry"],"_links":{"self":[{"href":"https:\/\/www.nestelintulahti.fi\/index.php?rest_route=\/wp\/v2\/pages\/58","targetHints":{"allow":["GET"]}}],"collection":[{"href":"https:\/\/www.nestelintulahti.fi\/index.php?rest_route=\/wp\/v2\/pages"}],"about":[{"href":"https:\/\/www.nestelintulahti.fi\/index.php?rest_route=\/wp\/v2\/types\/page"}],"author":[{"embeddable":true,"href":"https:\/\/www.nestelintulahti.fi\/index.php?rest_route=\/wp\/v2\/users\/1"}],"replies":[{"embeddable":true,"href":"https:\/\/www.nestelintulahti.fi\/index.php?rest_route=%2Fwp%2Fv2%2Fcomments&post=58"}],"version-history":[{"count":80,"href":"https:\/\/www.nestelintulahti.fi\/index.php?rest_route=\/wp\/v2\/pages\/58\/revisions"}],"predecessor-version":[{"id":729,"href":"https:\/\/www.nestelintulahti.fi\/index.php?rest_route=\/wp\/v2\/pages\/58\/revisions\/729"}],"wp:attachment":[{"href":"https:\/\/www.nestelintulahti.fi\/index.php?rest_route=%2Fwp%2Fv2%2Fmedia&parent=58"}],"curies":[{"name":"wp","href":"https:\/\/api.w.org\/{rel}","templated":true}]}}